{"id":703,"date":"2021-06-24T13:10:47","date_gmt":"2021-06-24T13:10:47","guid":{"rendered":"https:\/\/ostfriesen-hof.de\/?page_id=703"},"modified":"2025-06-10T13:36:11","modified_gmt":"2025-06-10T13:36:11","slug":"standard-zimmer","status":"publish","type":"page","link":"https:\/\/ostfriesen-hof.de\/en\/standard-zimmer\/","title":{"rendered":"Standard Room"},"content":{"rendered":"<div data-elementor-type=\"wp-page\" data-elementor-id=\"703\" class=\"elementor elementor-703\" data-elementor-post-type=\"page\">\n\t\t\t\t\t\t<section class=\"elementor-section elementor-top-section elementor-element elementor-element-4ccfb315 elementor-section-stretched elementor-section-height-min-height elementor-section-boxed elementor-section-height-default elementor-section-items-middle\" data-id=\"4ccfb315\" data-element_type=\"section\" data-e-type=\"section\" data-settings=\"{&quot;stretch_section&quot;:&quot;section-stretched&quot;,&quot;background_background&quot;:&quot;classic&quot;}\">\n\t\t\t\t\t\t\t<div class=\"elementor-background-overlay\"><\/div>\n\t\t\t\t\t\t\t<div class=\"elementor-container elementor-column-gap-default\">\n\t\t\t\t\t<div class=\"elementor-column elementor-col-100 elementor-top-column elementor-element elementor-element-2ce2465d\" data-id=\"2ce2465d\" data-element_type=\"column\" data-e-type=\"column\">\n\t\t\t<div class=\"elementor-widget-wrap\">\n\t\t\t\t\t\t\t<\/div>\n\t\t<\/div>\n\t\t\t\t\t<\/div>\n\t\t<\/section>\n\t\t\t\t<section class=\"elementor-section elementor-top-section elementor-element elementor-element-1a04d3f elementor-section-height-min-height elementor-reverse-mobile elementor-section-boxed elementor-section-height-default elementor-section-items-middle\" data-id=\"1a04d3f\" data-element_type=\"section\" data-e-type=\"section\">\n\t\t\t\t\t\t<div class=\"elementor-container elementor-column-gap-default\">\n\t\t\t\t\t<div class=\"elementor-column elementor-col-50 elementor-top-column elementor-element elementor-element-c6c3808\" data-id=\"c6c3808\" data-element_type=\"column\" data-e-type=\"column\">\n\t\t\t<div class=\"elementor-widget-wrap elementor-element-populated\">\n\t\t\t\t\t\t<div class=\"elementor-element elementor-element-30ebb07 elementor-widget elementor-widget-gallery\" data-id=\"30ebb07\" data-element_type=\"widget\" data-e-type=\"widget\" data-settings=\"{&quot;columns&quot;:2,&quot;gap&quot;:{&quot;unit&quot;:&quot;px&quot;,&quot;size&quot;:11,&quot;sizes&quot;:[]},&quot;lazyload&quot;:&quot;yes&quot;,&quot;gallery_layout&quot;:&quot;grid&quot;,&quot;columns_tablet&quot;:2,&quot;columns_mobile&quot;:1,&quot;gap_tablet&quot;:{&quot;unit&quot;:&quot;px&quot;,&quot;size&quot;:10,&quot;sizes&quot;:[]},&quot;gap_mobile&quot;:{&quot;unit&quot;:&quot;px&quot;,&quot;size&quot;:10,&quot;sizes&quot;:[]},&quot;link_to&quot;:&quot;file&quot;,&quot;aspect_ratio&quot;:&quot;3:2&quot;,&quot;overlay_background&quot;:&quot;yes&quot;,&quot;content_hover_animation&quot;:&quot;fade-in&quot;}\" data-widget_type=\"gallery.default\">\n\t\t\t\t<div class=\"elementor-widget-container\">\n\t\t\t\t\t\t\t<div class=\"elementor-gallery__container\">\n\t\t\t\t\t\t\t<a class=\"e-gallery-item elementor-gallery-item elementor-animated-content\" href=\"https:\/\/ostfriesen-hof.de\/wp-content\/uploads\/2020\/11\/Ostfriesen-Hof_Standard_6.jpg\" data-elementor-open-lightbox=\"yes\" data-elementor-lightbox-slideshow=\"30ebb07\" data-elementor-lightbox-title=\"Ostfriesen-Hof Standard\" data-elementor-lightbox-description=\"Badezimmer mit Dusche, Handt\u00fccher\" data-e-action-hash=\"#elementor-action%3Aaction%3Dlightbox%26settings%3DeyJpZCI6MjE1LCJ1cmwiOiJodHRwczpcL1wvb3N0ZnJpZXNlbi1ob2YuZGVcL3dwLWNvbnRlbnRcL3VwbG9hZHNcLzIwMjBcLzExXC9Pc3Rmcmllc2VuLUhvZl9TdGFuZGFyZF82LmpwZyIsInNsaWRlc2hvdyI6IjMwZWJiMDcifQ%3D%3D\">\n\t\t\t\t\t<div class=\"e-gallery-image elementor-gallery-item__image\" data-thumbnail=\"https:\/\/ostfriesen-hof.de\/wp-content\/uploads\/2020\/11\/Ostfriesen-Hof_Standard_6-300x200.jpg\" data-width=\"300\" data-height=\"200\" aria-label=\"Badezimmer\" role=\"img\" ><\/div>\n\t\t\t\t\t\t\t\t\t\t\t<div class=\"elementor-gallery-item__overlay\"><\/div>\n\t\t\t\t\t\t\t\t\t\t\t\t\t\t<\/a>\n\t\t\t\t\t\t\t<a class=\"e-gallery-item elementor-gallery-item elementor-animated-content\" href=\"https:\/\/ostfriesen-hof.de\/wp-content\/uploads\/2020\/11\/Ostfriesen-Hof_Standard_5.jpg\" data-elementor-open-lightbox=\"yes\" data-elementor-lightbox-slideshow=\"30ebb07\" data-elementor-lightbox-title=\"Ostfriesen-Hof Standard\" data-elementor-lightbox-description=\"Rosen\" data-e-action-hash=\"#elementor-action%3Aaction%3Dlightbox%26settings%3DeyJpZCI6MjE0LCJ1cmwiOiJodHRwczpcL1wvb3N0ZnJpZXNlbi1ob2YuZGVcL3dwLWNvbnRlbnRcL3VwbG9hZHNcLzIwMjBcLzExXC9Pc3Rmcmllc2VuLUhvZl9TdGFuZGFyZF81LmpwZyIsInNsaWRlc2hvdyI6IjMwZWJiMDcifQ%3D%3D\">\n\t\t\t\t\t<div class=\"e-gallery-image elementor-gallery-item__image\" data-thumbnail=\"https:\/\/ostfriesen-hof.de\/wp-content\/uploads\/2020\/11\/Ostfriesen-Hof_Standard_5-300x200.jpg\" data-width=\"300\" data-height=\"200\" aria-label=\"Rosen\" role=\"img\" ><\/div>\n\t\t\t\t\t\t\t\t\t\t\t<div class=\"elementor-gallery-item__overlay\"><\/div>\n\t\t\t\t\t\t\t\t\t\t\t\t\t\t<\/a>\n\t\t\t\t\t\t\t<a class=\"e-gallery-item elementor-gallery-item elementor-animated-content\" href=\"https:\/\/ostfriesen-hof.de\/wp-content\/uploads\/2020\/11\/Ostfriesen-Hof_Standard_4.jpg\" data-elementor-open-lightbox=\"yes\" data-elementor-lightbox-slideshow=\"30ebb07\" data-elementor-lightbox-title=\"Ostfriesen-Hof Standard\" data-elementor-lightbox-description=\"Standard Zimmer mit zwei betten, Schreibtisch, Stuhl\" data-e-action-hash=\"#elementor-action%3Aaction%3Dlightbox%26settings%3DeyJpZCI6MjEzLCJ1cmwiOiJodHRwczpcL1wvb3N0ZnJpZXNlbi1ob2YuZGVcL3dwLWNvbnRlbnRcL3VwbG9hZHNcLzIwMjBcLzExXC9Pc3Rmcmllc2VuLUhvZl9TdGFuZGFyZF80LmpwZyIsInNsaWRlc2hvdyI6IjMwZWJiMDcifQ%3D%3D\">\n\t\t\t\t\t<div class=\"e-gallery-image elementor-gallery-item__image\" data-thumbnail=\"https:\/\/ostfriesen-hof.de\/wp-content\/uploads\/2020\/11\/Ostfriesen-Hof_Standard_4-300x200.jpg\" data-width=\"300\" data-height=\"200\" aria-label=\"Doppelzimmer\" role=\"img\" ><\/div>\n\t\t\t\t\t\t\t\t\t\t\t<div class=\"elementor-gallery-item__overlay\"><\/div>\n\t\t\t\t\t\t\t\t\t\t\t\t\t\t<\/a>\n\t\t\t\t\t\t\t<a class=\"e-gallery-item elementor-gallery-item elementor-animated-content\" href=\"https:\/\/ostfriesen-hof.de\/wp-content\/uploads\/2020\/11\/Ostfriesen-Hof_Standard_3.jpg\" data-elementor-open-lightbox=\"yes\" data-elementor-lightbox-slideshow=\"30ebb07\" data-elementor-lightbox-title=\"Ostfriesen-Hof Standard\" data-elementor-lightbox-description=\"Schrank und Bett im Standard Zimmer\" data-e-action-hash=\"#elementor-action%3Aaction%3Dlightbox%26settings%3DeyJpZCI6MjEyLCJ1cmwiOiJodHRwczpcL1wvb3N0ZnJpZXNlbi1ob2YuZGVcL3dwLWNvbnRlbnRcL3VwbG9hZHNcLzIwMjBcLzExXC9Pc3Rmcmllc2VuLUhvZl9TdGFuZGFyZF8zLmpwZyIsInNsaWRlc2hvdyI6IjMwZWJiMDcifQ%3D%3D\">\n\t\t\t\t\t<div class=\"e-gallery-image elementor-gallery-item__image\" data-thumbnail=\"https:\/\/ostfriesen-hof.de\/wp-content\/uploads\/2020\/11\/Ostfriesen-Hof_Standard_3-300x200.jpg\" data-width=\"300\" data-height=\"200\" aria-label=\"Schrank und Bett im Standard Zimmer\" role=\"img\" ><\/div>\n\t\t\t\t\t\t\t\t\t\t\t<div class=\"elementor-gallery-item__overlay\"><\/div>\n\t\t\t\t\t\t\t\t\t\t\t\t\t\t<\/a>\n\t\t\t\t\t\t\t<a class=\"e-gallery-item elementor-gallery-item elementor-animated-content\" href=\"https:\/\/ostfriesen-hof.de\/wp-content\/uploads\/2020\/11\/Ostfriesen-Hof_Standard_2.jpg\" data-elementor-open-lightbox=\"yes\" data-elementor-lightbox-slideshow=\"30ebb07\" data-elementor-lightbox-title=\"Ostfriesen-Hof Standard\" data-elementor-lightbox-description=\"Standard Zimmer mit Betten und Schreibtisch\" data-e-action-hash=\"#elementor-action%3Aaction%3Dlightbox%26settings%3DeyJpZCI6MjExLCJ1cmwiOiJodHRwczpcL1wvb3N0ZnJpZXNlbi1ob2YuZGVcL3dwLWNvbnRlbnRcL3VwbG9hZHNcLzIwMjBcLzExXC9Pc3Rmcmllc2VuLUhvZl9TdGFuZGFyZF8yLmpwZyIsInNsaWRlc2hvdyI6IjMwZWJiMDcifQ%3D%3D\">\n\t\t\t\t\t<div class=\"e-gallery-image elementor-gallery-item__image\" data-thumbnail=\"https:\/\/ostfriesen-hof.de\/wp-content\/uploads\/2020\/11\/Ostfriesen-Hof_Standard_2-300x200.jpg\" data-width=\"300\" data-height=\"200\" aria-label=\"Work desk in the Standard Room\" role=\"img\" ><\/div>\n\t\t\t\t\t\t\t\t\t\t\t<div class=\"elementor-gallery-item__overlay\"><\/div>\n\t\t\t\t\t\t\t\t\t\t\t\t\t\t<\/a>\n\t\t\t\t\t\t\t<a class=\"e-gallery-item elementor-gallery-item elementor-animated-content\" href=\"https:\/\/ostfriesen-hof.de\/wp-content\/uploads\/2020\/11\/Ostfriesen-Hof_Standard_1.jpg\" data-elementor-open-lightbox=\"yes\" data-elementor-lightbox-slideshow=\"30ebb07\" data-elementor-lightbox-title=\"Ostfriesen-Hof Standard\" data-elementor-lightbox-description=\"Schreibtisch Standard Zimmer\" data-e-action-hash=\"#elementor-action%3Aaction%3Dlightbox%26settings%3DeyJpZCI6MjEwLCJ1cmwiOiJodHRwczpcL1wvb3N0ZnJpZXNlbi1ob2YuZGVcL3dwLWNvbnRlbnRcL3VwbG9hZHNcLzIwMjBcLzExXC9Pc3Rmcmllc2VuLUhvZl9TdGFuZGFyZF8xLmpwZyIsInNsaWRlc2hvdyI6IjMwZWJiMDcifQ%3D%3D\">\n\t\t\t\t\t<div class=\"e-gallery-image elementor-gallery-item__image\" data-thumbnail=\"https:\/\/ostfriesen-hof.de\/wp-content\/uploads\/2020\/11\/Ostfriesen-Hof_Standard_1-300x200.jpg\" data-width=\"300\" data-height=\"200\" aria-label=\"Schreibtisch Standard Zimmer\" role=\"img\" ><\/div>\n\t\t\t\t\t\t\t\t\t\t\t<div class=\"elementor-gallery-item__overlay\"><\/div>\n\t\t\t\t\t\t\t\t\t\t\t\t\t\t<\/a>\n\t\t\t\t\t<\/div>\n\t\t\t\t\t<\/div>\n\t\t\t\t<\/div>\n\t\t\t\t\t<\/div>\n\t\t<\/div>\n\t\t\t\t<div class=\"elementor-column elementor-col-50 elementor-top-column elementor-element elementor-element-9e06b3a\" data-id=\"9e06b3a\" data-element_type=\"column\" data-e-type=\"column\">\n\t\t\t<div class=\"elementor-widget-wrap elementor-element-populated\">\n\t\t\t\t\t\t<div class=\"elementor-element elementor-element-46b5a4ed elementor-widget elementor-widget-heading\" data-id=\"46b5a4ed\" data-element_type=\"widget\" data-e-type=\"widget\" data-widget_type=\"heading.default\">\n\t\t\t\t<div class=\"elementor-widget-container\">\n\t\t\t\t\t<h1 class=\"elementor-heading-title elementor-size-xxl\">Standard Room<\/h1>\t\t\t\t<\/div>\n\t\t\t\t<\/div>\n\t\t\t\t<div class=\"elementor-element elementor-element-653a956 elementor-widget elementor-widget-text-editor\" data-id=\"653a956\" data-element_type=\"widget\" data-e-type=\"widget\" data-widget_type=\"text-editor.default\">\n\t\t\t\t<div class=\"elementor-widget-container\">\n\t\t\t\t\t\t\t\t\t<p class=\"align-center\">Approx. 20 sqm (bathroom, living and sleeping area). Simple rustic furniture, desk with chair, armchair, with a nice window set into the sloping roof.&nbsp;<\/p>\n<p class=\"align-center\">Breakfast included in room rates.<\/p>\n<p class=\"align-center\">Bettengr\u00f6\u00dfe: 2 Einzelbetten jeweils 90cm x 200cm<\/p>\t\t\t\t\t\t\t\t<\/div>\n\t\t\t\t<\/div>\n\t\t\t\t<div class=\"elementor-element elementor-element-56c0616 elementor-widget elementor-widget-heading\" data-id=\"56c0616\" data-element_type=\"widget\" data-e-type=\"widget\" data-widget_type=\"heading.default\">\n\t\t\t\t<div class=\"elementor-widget-container\">\n\t\t\t\t\t<h4 class=\"elementor-heading-title elementor-size-default\"><b> Single Room: <\/b> 82,00\u20ac - 85,00\u20ac<\/h4>\t\t\t\t<\/div>\n\t\t\t\t<\/div>\n\t\t\t\t<div class=\"elementor-element elementor-element-1b2f661 elementor-widget elementor-widget-heading\" data-id=\"1b2f661\" data-element_type=\"widget\" data-e-type=\"widget\" data-widget_type=\"heading.default\">\n\t\t\t\t<div class=\"elementor-widget-container\">\n\t\t\t\t\t<h2 class=\"elementor-heading-title elementor-size-default\"><b>Double Room: <\/b>122,00\u20ac - 125,00\u20ac\n <\/h2>\t\t\t\t<\/div>\n\t\t\t\t<\/div>\n\t\t\t\t<div class=\"elementor-element elementor-element-7019343 elementor-widget elementor-widget-heading\" data-id=\"7019343\" data-element_type=\"widget\" data-e-type=\"widget\" data-widget_type=\"heading.default\">\n\t\t\t\t<div class=\"elementor-widget-container\">\n\t\t\t\t\t<h5 class=\"elementor-heading-title elementor-size-default\"><b>Triple room: <\/b>surcharge \u20ac34.00 \/ extra bed \u20ac34.00<\/h5>\t\t\t\t<\/div>\n\t\t\t\t<\/div>\n\t\t\t\t<div class=\"elementor-element elementor-element-da6541f elementor-widget elementor-widget-text-editor\" data-id=\"da6541f\" data-element_type=\"widget\" data-e-type=\"widget\" data-widget_type=\"text-editor.default\">\n\t\t\t\t<div class=\"elementor-widget-container\">\n\t\t\t\t\t\t\t\t\t<p class=\"align-center\">Children <strong>under 6 years<\/strong> stay free in parents\u2019 room (no extra bed provided).<br>Children <strong>up to 6 years<\/strong> in a triple room or using an extra bed get 40% off.<br>Children<strong> between 6 and 12 years old<\/strong> staying in a triple room or with an extra bed get 25% off.<\/p><p class=\"align-center\">Pets are unfortunately not allowed.<\/p>\t\t\t\t\t\t\t\t<\/div>\n\t\t\t\t<\/div>\n\t\t\t\t<div class=\"elementor-element elementor-element-31393e3 elementor-widget elementor-widget-button\" data-id=\"31393e3\" data-element_type=\"widget\" data-e-type=\"widget\" data-widget_type=\"button.default\">\n\t\t\t\t<div class=\"elementor-widget-container\">\n\t\t\t\t\t\t\t\t\t<div class=\"elementor-button-wrapper\">\n\t\t\t\t\t<a class=\"elementor-button elementor-button-link elementor-size-sm\" href=\"https:\/\/direct-book.com\/properties\/HotelOstfriesenHofDIRECT\">\n\t\t\t\t\t\t<span class=\"elementor-button-content-wrapper\">\n\t\t\t\t\t\t\t\t\t<span class=\"elementor-button-text\">Make a Reservation<\/span>\n\t\t\t\t\t<\/span>\n\t\t\t\t\t<\/a>\n\t\t\t\t<\/div>\n\t\t\t\t\t\t\t\t<\/div>\n\t\t\t\t<\/div>\n\t\t\t\t\t<\/div>\n\t\t<\/div>\n\t\t\t\t\t<\/div>\n\t\t<\/section>\n\t\t\t\t<\/div>","protected":false},"excerpt":{"rendered":"<p>Ca. 20qm Fl\u00e4che (Badezimmer, Wohnschlafraum). Mobiliar einfach rustikal, Schreibtisch mit Stuhl, Sessel, mit sch\u00f6nem Fenster in der Dachschr\u00e4ge.&nbsp; Zimmerpreise inklusive Fr\u00fchst\u00fcck. Bettengr\u00f6\u00dfe: 2 Einzelbetten jeweils 90cm x 200cm Einzelzimmer: 82,00\u20ac &#8211; 85,00\u20ac Doppelzimmer: 122,00\u20ac &#8211; 125,00\u20ac 3-Bettzimmer: Zuschlag 34,00 \u20ac \/ Zustellbett 34,00\u20ac Kinder unter 6 Jahren ohne Berechnung im Zimmer der Eltern (ohne Zustellbett)Kinder [&hellip;]<\/p>\n","protected":false},"author":3,"featured_media":0,"parent":0,"menu_order":0,"comment_status":"closed","ping_status":"closed","template":"elementor_header_footer","meta":{"footnotes":""},"class_list":["post-703","page","type-page","status-publish","hentry"],"yoast_head":"<!-- This site is optimized with the Yoast SEO plugin v27.4 - https:\/\/yoast.com\/product\/yoast-seo-wordpress\/ -->\n<title>Standard Zimmer - Hotel Ostfriesen-Hof<\/title>\n<meta name=\"robots\" content=\"noindex, nofollow\" \/>\n<meta property=\"og:locale\" content=\"en_US\" \/>\n<meta property=\"og:type\" content=\"article\" \/>\n<meta property=\"og:title\" content=\"Standard Zimmer - Hotel Ostfriesen-Hof\" \/>\n<meta property=\"og:description\" content=\"Ca. 20qm Fl\u00e4che (Badezimmer, Wohnschlafraum). Mobiliar einfach rustikal, Schreibtisch mit Stuhl, Sessel, mit sch\u00f6nem Fenster in der Dachschr\u00e4ge.&nbsp; Zimmerpreise inklusive Fr\u00fchst\u00fcck. Bettengr\u00f6\u00dfe: 2 Einzelbetten jeweils 90cm x 200cm Einzelzimmer: 82,00\u20ac &#8211; 85,00\u20ac Doppelzimmer: 122,00\u20ac &#8211; 125,00\u20ac 3-Bettzimmer: Zuschlag 34,00 \u20ac \/ Zustellbett 34,00\u20ac Kinder unter 6 Jahren ohne Berechnung im Zimmer der Eltern (ohne Zustellbett)Kinder [&hellip;]\" \/>\n<meta property=\"og:url\" content=\"https:\/\/ostfriesen-hof.de\/en\/standard-zimmer\/\" \/>\n<meta property=\"og:site_name\" content=\"Hotel Ostfriesen-Hof\" \/>\n<meta property=\"article:modified_time\" content=\"2025-06-10T13:36:11+00:00\" \/>\n<meta name=\"twitter:card\" content=\"summary_large_image\" \/>\n<meta name=\"twitter:label1\" content=\"Est. reading time\" \/>\n\t<meta name=\"twitter:data1\" content=\"1 minute\" \/>\n<script type=\"application\/ld+json\" class=\"yoast-schema-graph\">{\"@context\":\"https:\\\/\\\/schema.org\",\"@graph\":[{\"@type\":\"WebPage\",\"@id\":\"https:\\\/\\\/ostfriesen-hof.de\\\/standard-zimmer\\\/\",\"url\":\"https:\\\/\\\/ostfriesen-hof.de\\\/standard-zimmer\\\/\",\"name\":\"Standard Zimmer - Hotel Ostfriesen-Hof\",\"isPartOf\":{\"@id\":\"https:\\\/\\\/ostfriesen-hof.de\\\/#website\"},\"datePublished\":\"2021-06-24T13:10:47+00:00\",\"dateModified\":\"2025-06-10T13:36:11+00:00\",\"breadcrumb\":{\"@id\":\"https:\\\/\\\/ostfriesen-hof.de\\\/standard-zimmer\\\/#breadcrumb\"},\"inLanguage\":\"en-US\",\"potentialAction\":[{\"@type\":\"ReadAction\",\"target\":[\"https:\\\/\\\/ostfriesen-hof.de\\\/standard-zimmer\\\/\"]}]},{\"@type\":\"BreadcrumbList\",\"@id\":\"https:\\\/\\\/ostfriesen-hof.de\\\/standard-zimmer\\\/#breadcrumb\",\"itemListElement\":[{\"@type\":\"ListItem\",\"position\":1,\"name\":\"Startseite\",\"item\":\"https:\\\/\\\/ostfriesen-hof.de\\\/\"},{\"@type\":\"ListItem\",\"position\":2,\"name\":\"Standard Zimmer\"}]},{\"@type\":\"WebSite\",\"@id\":\"https:\\\/\\\/ostfriesen-hof.de\\\/#website\",\"url\":\"https:\\\/\\\/ostfriesen-hof.de\\\/\",\"name\":\"Hotel Ostfriesen-Hof\",\"description\":\"Hotel Ostfriesen-Hof\",\"publisher\":{\"@id\":\"https:\\\/\\\/ostfriesen-hof.de\\\/#organization\"},\"potentialAction\":[{\"@type\":\"SearchAction\",\"target\":{\"@type\":\"EntryPoint\",\"urlTemplate\":\"https:\\\/\\\/ostfriesen-hof.de\\\/?s={search_term_string}\"},\"query-input\":{\"@type\":\"PropertyValueSpecification\",\"valueRequired\":true,\"valueName\":\"search_term_string\"}}],\"inLanguage\":\"en-US\"},{\"@type\":\"Organization\",\"@id\":\"https:\\\/\\\/ostfriesen-hof.de\\\/#organization\",\"name\":\"Hotel Ostfriesenhof GmbH & Co. KG\",\"url\":\"https:\\\/\\\/ostfriesen-hof.de\\\/\",\"logo\":{\"@type\":\"ImageObject\",\"inLanguage\":\"en-US\",\"@id\":\"https:\\\/\\\/ostfriesen-hof.de\\\/#\\\/schema\\\/logo\\\/image\\\/\",\"url\":\"https:\\\/\\\/ostfriesen-hof.de\\\/wp-content\\\/uploads\\\/2020\\\/11\\\/ostfriesen-hof_leer_logo.png\",\"contentUrl\":\"https:\\\/\\\/ostfriesen-hof.de\\\/wp-content\\\/uploads\\\/2020\\\/11\\\/ostfriesen-hof_leer_logo.png\",\"width\":284,\"height\":118,\"caption\":\"Hotel Ostfriesenhof GmbH & Co. KG\"},\"image\":{\"@id\":\"https:\\\/\\\/ostfriesen-hof.de\\\/#\\\/schema\\\/logo\\\/image\\\/\"}}]}<\/script>\n<!-- \/ Yoast SEO plugin. -->","yoast_head_json":{"title":"Standard Zimmer - Hotel Ostfriesen-Hof","robots":{"index":"noindex","follow":"nofollow"},"og_locale":"en_US","og_type":"article","og_title":"Standard Zimmer - Hotel Ostfriesen-Hof","og_description":"Ca. 20qm Fl\u00e4che (Badezimmer, Wohnschlafraum). Mobiliar einfach rustikal, Schreibtisch mit Stuhl, Sessel, mit sch\u00f6nem Fenster in der Dachschr\u00e4ge.&nbsp; Zimmerpreise inklusive Fr\u00fchst\u00fcck. Bettengr\u00f6\u00dfe: 2 Einzelbetten jeweils 90cm x 200cm Einzelzimmer: 82,00\u20ac &#8211; 85,00\u20ac Doppelzimmer: 122,00\u20ac &#8211; 125,00\u20ac 3-Bettzimmer: Zuschlag 34,00 \u20ac \/ Zustellbett 34,00\u20ac Kinder unter 6 Jahren ohne Berechnung im Zimmer der Eltern (ohne Zustellbett)Kinder [&hellip;]","og_url":"https:\/\/ostfriesen-hof.de\/en\/standard-zimmer\/","og_site_name":"Hotel Ostfriesen-Hof","article_modified_time":"2025-06-10T13:36:11+00:00","twitter_card":"summary_large_image","twitter_misc":{"Est. reading time":"1 minute"},"schema":{"@context":"https:\/\/schema.org","@graph":[{"@type":"WebPage","@id":"https:\/\/ostfriesen-hof.de\/standard-zimmer\/","url":"https:\/\/ostfriesen-hof.de\/standard-zimmer\/","name":"Standard Zimmer - Hotel Ostfriesen-Hof","isPartOf":{"@id":"https:\/\/ostfriesen-hof.de\/#website"},"datePublished":"2021-06-24T13:10:47+00:00","dateModified":"2025-06-10T13:36:11+00:00","breadcrumb":{"@id":"https:\/\/ostfriesen-hof.de\/standard-zimmer\/#breadcrumb"},"inLanguage":"en-US","potentialAction":[{"@type":"ReadAction","target":["https:\/\/ostfriesen-hof.de\/standard-zimmer\/"]}]},{"@type":"BreadcrumbList","@id":"https:\/\/ostfriesen-hof.de\/standard-zimmer\/#breadcrumb","itemListElement":[{"@type":"ListItem","position":1,"name":"Startseite","item":"https:\/\/ostfriesen-hof.de\/"},{"@type":"ListItem","position":2,"name":"Standard Zimmer"}]},{"@type":"WebSite","@id":"https:\/\/ostfriesen-hof.de\/#website","url":"https:\/\/ostfriesen-hof.de\/","name":"Hotel Ostfriesen-Hof","description":"Hotel Ostfriesen-Hof","publisher":{"@id":"https:\/\/ostfriesen-hof.de\/#organization"},"potentialAction":[{"@type":"SearchAction","target":{"@type":"EntryPoint","urlTemplate":"https:\/\/ostfriesen-hof.de\/?s={search_term_string}"},"query-input":{"@type":"PropertyValueSpecification","valueRequired":true,"valueName":"search_term_string"}}],"inLanguage":"en-US"},{"@type":"Organization","@id":"https:\/\/ostfriesen-hof.de\/#organization","name":"Hotel Ostfriesenhof GmbH & Co. KG","url":"https:\/\/ostfriesen-hof.de\/","logo":{"@type":"ImageObject","inLanguage":"en-US","@id":"https:\/\/ostfriesen-hof.de\/#\/schema\/logo\/image\/","url":"https:\/\/ostfriesen-hof.de\/wp-content\/uploads\/2020\/11\/ostfriesen-hof_leer_logo.png","contentUrl":"https:\/\/ostfriesen-hof.de\/wp-content\/uploads\/2020\/11\/ostfriesen-hof_leer_logo.png","width":284,"height":118,"caption":"Hotel Ostfriesenhof GmbH & Co. KG"},"image":{"@id":"https:\/\/ostfriesen-hof.de\/#\/schema\/logo\/image\/"}}]}},"_links":{"self":[{"href":"https:\/\/ostfriesen-hof.de\/en\/wp-json\/wp\/v2\/pages\/703","targetHints":{"allow":["GET"]}}],"collection":[{"href":"https:\/\/ostfriesen-hof.de\/en\/wp-json\/wp\/v2\/pages"}],"about":[{"href":"https:\/\/ostfriesen-hof.de\/en\/wp-json\/wp\/v2\/types\/page"}],"author":[{"embeddable":true,"href":"https:\/\/ostfriesen-hof.de\/en\/wp-json\/wp\/v2\/users\/3"}],"replies":[{"embeddable":true,"href":"https:\/\/ostfriesen-hof.de\/en\/wp-json\/wp\/v2\/comments?post=703"}],"version-history":[{"count":10,"href":"https:\/\/ostfriesen-hof.de\/en\/wp-json\/wp\/v2\/pages\/703\/revisions"}],"predecessor-version":[{"id":2330,"href":"https:\/\/ostfriesen-hof.de\/en\/wp-json\/wp\/v2\/pages\/703\/revisions\/2330"}],"wp:attachment":[{"href":"https:\/\/ostfriesen-hof.de\/en\/wp-json\/wp\/v2\/media?parent=703"}],"curies":[{"name":"wp","href":"https:\/\/api.w.org\/{rel}","templated":true}]}}