{"id":477,"date":"2020-11-23T17:24:38","date_gmt":"2020-11-23T17:24:38","guid":{"rendered":"https:\/\/ostfriesen-hof.de\/?page_id=477"},"modified":"2023-03-24T13:00:19","modified_gmt":"2023-03-24T13:00:19","slug":"impressum","status":"publish","type":"page","link":"https:\/\/ostfriesen-hof.de\/en\/startseite\/impressum\/","title":{"rendered":"Impressum"},"content":{"rendered":"<div data-elementor-type=\"wp-page\" data-elementor-id=\"477\" class=\"elementor elementor-477\" data-elementor-post-type=\"page\">\n\t\t\t\t\t\t<section class=\"elementor-section elementor-top-section elementor-element elementor-element-76de0a50 elementor-section-boxed elementor-section-height-default elementor-section-height-default\" data-id=\"76de0a50\" data-element_type=\"section\" data-e-type=\"section\" data-settings=\"{&quot;background_background&quot;:&quot;classic&quot;}\">\n\t\t\t\t\t\t<div class=\"elementor-container elementor-column-gap-default\">\n\t\t\t\t\t<div class=\"elementor-column elementor-col-100 elementor-top-column elementor-element elementor-element-1dc01d1b\" data-id=\"1dc01d1b\" data-element_type=\"column\" data-e-type=\"column\">\n\t\t\t<div class=\"elementor-widget-wrap elementor-element-populated\">\n\t\t\t\t\t\t<section class=\"elementor-section elementor-inner-section elementor-element elementor-element-260ab968 elementor-section-content-middle elementor-section-boxed elementor-section-height-default elementor-section-height-default\" data-id=\"260ab968\" data-element_type=\"section\" data-e-type=\"section\" data-settings=\"{&quot;background_background&quot;:&quot;classic&quot;}\">\n\t\t\t\t\t\t<div class=\"elementor-container elementor-column-gap-default\">\n\t\t\t\t\t<div class=\"elementor-column elementor-col-100 elementor-inner-column elementor-element elementor-element-62a9272d\" data-id=\"62a9272d\" data-element_type=\"column\" data-e-type=\"column\">\n\t\t\t<div class=\"elementor-widget-wrap elementor-element-populated\">\n\t\t\t\t\t\t<div class=\"elementor-element elementor-element-4f7376af elementor-widget elementor-widget-heading\" data-id=\"4f7376af\" data-element_type=\"widget\" data-e-type=\"widget\" data-widget_type=\"heading.default\">\n\t\t\t\t<div class=\"elementor-widget-container\">\n\t\t\t\t\t<h3 class=\"elementor-heading-title elementor-size-default\">Impressum<\/h3>\t\t\t\t<\/div>\n\t\t\t\t<\/div>\n\t\t\t\t<div class=\"elementor-element elementor-element-258f3844 elementor-widget elementor-widget-spacer\" data-id=\"258f3844\" data-element_type=\"widget\" data-e-type=\"widget\" data-widget_type=\"spacer.default\">\n\t\t\t\t<div class=\"elementor-widget-container\">\n\t\t\t\t\t\t\t<div class=\"elementor-spacer\">\n\t\t\t<div class=\"elementor-spacer-inner\"><\/div>\n\t\t<\/div>\n\t\t\t\t\t\t<\/div>\n\t\t\t\t<\/div>\n\t\t\t\t<div class=\"elementor-element elementor-element-3879ecc elementor-widget elementor-widget-text-editor\" data-id=\"3879ecc\" data-element_type=\"widget\" data-e-type=\"widget\" data-widget_type=\"text-editor.default\">\n\t\t\t\t<div class=\"elementor-widget-container\">\n\t\t\t\t\t\t\t\t\t<p>Hotel Ostfriesenhof GmbH &amp; Co. KG<br \/>Groninger Str. 109<br \/>26789 Leer (Ostfriesland)<\/p><p>Telefon: +49 491 6091-0<br \/>Telefax: +49 491 6091-199<br \/>E-Mail:\u00a0<a href=\"mailto:info@ostfriesen-hof.de\">info@ostfriesen-hof.de<\/a><\/p><p><strong>Represented by:<\/strong><br \/>Hotel Ostfriesenhof Beteiligungs-GmbH<br \/>Gesch\u00e4ftsf\u00fchrer: Dr. Wilfried Trump<br \/>Registergericht: Amtsgericht Aurich<br \/>Registernummer: HRB 110175<\/p><p><strong>Commercial Register Entry:<\/strong><br \/>Eingetragen im Handelsregister.<br \/>Registergericht: Amtsgericht Aurich<br \/>Registernummer: HRA 110308<\/p><p><strong>VAT Identification Number:<\/strong><br \/>Umsatzsteuer-Identifikationsnummer nach \u00a727a Umsatzsteuergesetz:<br \/>DE 11 72 64 322<\/p><p><strong>Supervisory authority:\u00a0<\/strong>City of Leer<\/p><p><strong>Responsible for the content<\/strong>\u00a0(gem. \u00a7 55 Abs. 2 RStV):<br \/>Dr. Wilfried Trump<br \/>Groninger Str. 109<br \/>26789 Leer (Ostfriesland)<\/p><h5>Hinweis gem\u00e4\u00df Online-Streitbeilegungs-Verordnung<\/h5><p>Nach geltendem Recht sind wir verpflichtet, Verbraucher auf die Existenz der Europ\u00e4ischen Online-Streitbeilegungs-Plattform hinzuweisen, die f\u00fcr die Beilegung von Streitigkeiten genutzt werden kann, ohne dass ein Gericht eingeschaltet werden muss. F\u00fcr die Einrichtung der Plattform ist die Europ\u00e4ische Kommission zust\u00e4ndig. Die Europ\u00e4ische Online-Streitbeilegungs-Plattform ist hier zu finden:\u00a0<a href=\"http:\/\/ec.europa.eu\/odr\" target=\"_blank\" rel=\"nofollow noopener\">http:\/\/ec.europa.eu\/odr<\/a>. Unsere E-Mail lautet:\u00a0<a href=\"mailto:info@ostfriesen-hof.de\">info@ostfriesen-hof.de<\/a><\/p><p>Wir weisen aber darauf hin, dass wir nicht bereit sind, uns am Streitbeilegungsverfahren im Rahmen der Europ\u00e4ischen Online-Streitbeilegungs-Plattform zu beteiligen. Nutzen Sie zur Kontaktaufnahme bitte unsere obige E-Mail und Telefonnummer.<\/p><h5>Hinweis gem\u00e4\u00df Verbraucherstreitbeilegungsgesetz (VSBG)<\/h5><p>Wir sind nicht bereit und verpflichtet, an Streitbeilegungsverfahren vor einer Verbraucherschlichtungsstelle teilzunehmen.<\/p><h5>Disclaimer \u2013 rechtliche Hinweise<\/h5><p>\u00a7 1 Warnhinweis zu Inhalten<br \/>Die kostenlosen und frei zug\u00e4nglichen Inhalte dieser Webseite wurden mit gr\u00f6\u00dftm\u00f6glicher Sorgfalt erstellt. Der Anbieter dieser Webseite \u00fcbernimmt jedoch keine Gew\u00e4hr f\u00fcr die Richtigkeit und Aktualit\u00e4t der bereitgestellten kostenlosen und frei zug\u00e4nglichen journalistischen Ratgeber und Nachrichten. Namentlich gekennzeichnete Beitr\u00e4ge geben die Meinung des jeweiligen Autors und nicht immer die Meinung des Anbieters wieder. Allein durch den Aufruf der kostenlosen und frei zug\u00e4nglichen Inhalte kommt keinerlei Vertragsverh\u00e4ltnis zwischen dem Nutzer und dem Anbieter zustande, insoweit fehlt es am Rechtsbindungswillen des Anbieters.<\/p><p>\u00a7 2 Externe Links<br \/>Diese Website enth\u00e4lt Verkn\u00fcpfungen zu Websites Dritter (&#8222;externe Links&#8220;). Diese Websites unterliegen der Haftung der jeweiligen Betreiber. Der Anbieter hat bei der erstmaligen Verkn\u00fcpfung der externen Links die fremden Inhalte daraufhin \u00fcberpr\u00fcft, ob etwaige Rechtsverst\u00f6\u00dfe bestehen. Zu dem Zeitpunkt waren keine Rechtsverst\u00f6\u00dfe ersichtlich. Der Anbieter hat keinerlei Einfluss auf die aktuelle und zuk\u00fcnftige Gestaltung und auf die Inhalte der verkn\u00fcpften Seiten. Das Setzen von externen Links bedeutet nicht, dass sich der Anbieter die hinter dem Verweis oder Link liegenden Inhalte zu Eigen macht. Eine st\u00e4ndige Kontrolle der externen Links ist f\u00fcr den Anbieter ohne konkrete Hinweise auf Rechtsverst\u00f6\u00dfe nicht zumutbar. Bei Kenntnis von Rechtsverst\u00f6\u00dfen werden jedoch derartige externe Links unverz\u00fcglich gel\u00f6scht.<\/p><p>\u00a7 3 Urheber- und Leistungsschutzrechte<br \/>Die auf dieser Website ver\u00f6ffentlichten Inhalte unterliegen dem deutschen Urheber- und Leistungsschutzrecht. Jede vom deutschen Urheber- und Leistungsschutzrecht nicht zugelassene Verwertung bedarf der vorherigen schriftlichen Zustimmung des Anbieters oder jeweiligen Rechteinhabers. Dies gilt insbesondere f\u00fcr Vervielf\u00e4ltigung, Bearbeitung, \u00dcbersetzung, Einspeicherung, Verarbeitung bzw. Wiedergabe von Inhalten in Datenbanken oder anderen elektronischen Medien und Systemen. Inhalte und Rechte Dritter sind dabei als solche gekennzeichnet. Die unerlaubte Vervielf\u00e4ltigung oder Weitergabe einzelner Inhalte oder kompletter Seiten ist nicht gestattet und strafbar. Lediglich die Herstellung von Kopien und Downloads f\u00fcr den pers\u00f6nlichen, privaten und nicht kommerziellen Gebrauch ist erlaubt.<\/p><p>Die Darstellung dieser Website in fremden Frames ist nur mit schriftlicher Erlaubnis zul\u00e4ssig.<\/p><p>\u00a7 4 Besondere Nutzungsbedingungen<br \/>Soweit besondere Bedingungen f\u00fcr einzelne Nutzungen dieser Website von den vorgenannten Paragraphen abweichen, wird an entsprechender Stelle ausdr\u00fccklich darauf hingewiesen. In diesem Falle gelten im jeweiligen Einzelfall die besonderen Nutzungsbedingungen.<\/p><p>Quelle:\u00a0<a href=\"https:\/\/www.juraforum.de\">Weiter lesen<\/a><\/p><p>Gestaltung &amp; Umsetzung: <a href=\"https:\/\/roh-edel.de\" target=\"_blank\" rel=\"noopener\">roh&amp;edel<\/a><\/p>\t\t\t\t\t\t\t\t<\/div>\n\t\t\t\t<\/div>\n\t\t\t\t\t<\/div>\n\t\t<\/div>\n\t\t\t\t\t<\/div>\n\t\t<\/section>\n\t\t\t\t\t<\/div>\n\t\t<\/div>\n\t\t\t\t\t<\/div>\n\t\t<\/section>\n\t\t\t\t<\/div>","protected":false},"excerpt":{"rendered":"<p>Impressum Hotel Ostfriesenhof GmbH &amp; Co. KGGroninger Str. 10926789 Leer (Ostfriesland) Telefon: +49 491 6091-0Telefax: +49 491 6091-199E-Mail:\u00a0info@ostfriesen-hof.de Vertreten durch:Hotel Ostfriesenhof Beteiligungs-GmbHGesch\u00e4ftsf\u00fchrer: Dr. Wilfried TrumpRegistergericht: Amtsgericht AurichRegisternummer: HRB 110175 Registereintrag:Eingetragen im Handelsregister.Registergericht: Amtsgericht AurichRegisternummer: HRA 110308 Umsatzsteuer-ID:Umsatzsteuer-Identifikationsnummer nach \u00a727a Umsatzsteuergesetz:DE 11 72 64 322 Aufsichtsbeh\u00f6rde:\u00a0Stadt Leer Verantwortlich f\u00fcr den Inhalt\u00a0(gem. \u00a7 55 Abs. 2 RStV):Dr. [&hellip;]<\/p>\n","protected":false},"author":3,"featured_media":0,"parent":66,"menu_order":3,"comment_status":"closed","ping_status":"closed","template":"elementor_header_footer","meta":{"footnotes":""},"class_list":["post-477","page","type-page","status-publish","hentry"],"yoast_head":"<!-- This site is optimized with the Yoast SEO plugin v27.3 - https:\/\/yoast.com\/product\/yoast-seo-wordpress\/ -->\n<title>Impressum - Hotel Ostfriesen-Hof<\/title>\n<meta name=\"robots\" content=\"index, follow, max-snippet:-1, max-image-preview:large, max-video-preview:-1\" \/>\n<link rel=\"canonical\" href=\"https:\/\/ostfriesen-hof.de\/en\/startseite\/impressum\/\" \/>\n<meta property=\"og:locale\" content=\"en_US\" \/>\n<meta property=\"og:type\" content=\"article\" \/>\n<meta property=\"og:title\" content=\"Impressum - Hotel Ostfriesen-Hof\" \/>\n<meta property=\"og:description\" content=\"Impressum Hotel Ostfriesenhof GmbH &amp; Co. KGGroninger Str. 10926789 Leer (Ostfriesland) Telefon: +49 491 6091-0Telefax: +49 491 6091-199E-Mail:\u00a0info@ostfriesen-hof.de Vertreten durch:Hotel Ostfriesenhof Beteiligungs-GmbHGesch\u00e4ftsf\u00fchrer: Dr. Wilfried TrumpRegistergericht: Amtsgericht AurichRegisternummer: HRB 110175 Registereintrag:Eingetragen im Handelsregister.Registergericht: Amtsgericht AurichRegisternummer: HRA 110308 Umsatzsteuer-ID:Umsatzsteuer-Identifikationsnummer nach \u00a727a Umsatzsteuergesetz:DE 11 72 64 322 Aufsichtsbeh\u00f6rde:\u00a0Stadt Leer Verantwortlich f\u00fcr den Inhalt\u00a0(gem. \u00a7 55 Abs. 2 RStV):Dr. [&hellip;]\" \/>\n<meta property=\"og:url\" content=\"https:\/\/ostfriesen-hof.de\/en\/startseite\/impressum\/\" \/>\n<meta property=\"og:site_name\" content=\"Hotel Ostfriesen-Hof\" \/>\n<meta property=\"article:modified_time\" content=\"2023-03-24T13:00:19+00:00\" \/>\n<meta name=\"twitter:card\" content=\"summary_large_image\" \/>\n<meta name=\"twitter:label1\" content=\"Est. reading time\" \/>\n\t<meta name=\"twitter:data1\" content=\"3 minutes\" \/>\n<script type=\"application\/ld+json\" class=\"yoast-schema-graph\">{\"@context\":\"https:\\\/\\\/schema.org\",\"@graph\":[{\"@type\":\"WebPage\",\"@id\":\"https:\\\/\\\/ostfriesen-hof.de\\\/startseite\\\/impressum\\\/\",\"url\":\"https:\\\/\\\/ostfriesen-hof.de\\\/startseite\\\/impressum\\\/\",\"name\":\"Impressum - Hotel Ostfriesen-Hof\",\"isPartOf\":{\"@id\":\"https:\\\/\\\/ostfriesen-hof.de\\\/#website\"},\"datePublished\":\"2020-11-23T17:24:38+00:00\",\"dateModified\":\"2023-03-24T13:00:19+00:00\",\"breadcrumb\":{\"@id\":\"https:\\\/\\\/ostfriesen-hof.de\\\/startseite\\\/impressum\\\/#breadcrumb\"},\"inLanguage\":\"en-US\",\"potentialAction\":[{\"@type\":\"ReadAction\",\"target\":[\"https:\\\/\\\/ostfriesen-hof.de\\\/startseite\\\/impressum\\\/\"]}]},{\"@type\":\"BreadcrumbList\",\"@id\":\"https:\\\/\\\/ostfriesen-hof.de\\\/startseite\\\/impressum\\\/#breadcrumb\",\"itemListElement\":[{\"@type\":\"ListItem\",\"position\":1,\"name\":\"Startseite\",\"item\":\"https:\\\/\\\/ostfriesen-hof.de\\\/\"},{\"@type\":\"ListItem\",\"position\":2,\"name\":\"Startseite\",\"item\":\"https:\\\/\\\/ostfriesen-hof.de\\\/startseite\\\/\"},{\"@type\":\"ListItem\",\"position\":3,\"name\":\"Impressum\"}]},{\"@type\":\"WebSite\",\"@id\":\"https:\\\/\\\/ostfriesen-hof.de\\\/#website\",\"url\":\"https:\\\/\\\/ostfriesen-hof.de\\\/\",\"name\":\"Hotel Ostfriesen-Hof\",\"description\":\"Hotel Ostfriesen-Hof\",\"publisher\":{\"@id\":\"https:\\\/\\\/ostfriesen-hof.de\\\/#organization\"},\"potentialAction\":[{\"@type\":\"SearchAction\",\"target\":{\"@type\":\"EntryPoint\",\"urlTemplate\":\"https:\\\/\\\/ostfriesen-hof.de\\\/?s={search_term_string}\"},\"query-input\":{\"@type\":\"PropertyValueSpecification\",\"valueRequired\":true,\"valueName\":\"search_term_string\"}}],\"inLanguage\":\"en-US\"},{\"@type\":\"Organization\",\"@id\":\"https:\\\/\\\/ostfriesen-hof.de\\\/#organization\",\"name\":\"Hotel Ostfriesenhof GmbH & Co. KG\",\"url\":\"https:\\\/\\\/ostfriesen-hof.de\\\/\",\"logo\":{\"@type\":\"ImageObject\",\"inLanguage\":\"en-US\",\"@id\":\"https:\\\/\\\/ostfriesen-hof.de\\\/#\\\/schema\\\/logo\\\/image\\\/\",\"url\":\"https:\\\/\\\/ostfriesen-hof.de\\\/wp-content\\\/uploads\\\/2020\\\/11\\\/ostfriesen-hof_leer_logo.png\",\"contentUrl\":\"https:\\\/\\\/ostfriesen-hof.de\\\/wp-content\\\/uploads\\\/2020\\\/11\\\/ostfriesen-hof_leer_logo.png\",\"width\":284,\"height\":118,\"caption\":\"Hotel Ostfriesenhof GmbH & Co. KG\"},\"image\":{\"@id\":\"https:\\\/\\\/ostfriesen-hof.de\\\/#\\\/schema\\\/logo\\\/image\\\/\"}}]}<\/script>\n<!-- \/ Yoast SEO plugin. -->","yoast_head_json":{"title":"Impressum - Hotel Ostfriesen-Hof","robots":{"index":"index","follow":"follow","max-snippet":"max-snippet:-1","max-image-preview":"max-image-preview:large","max-video-preview":"max-video-preview:-1"},"canonical":"https:\/\/ostfriesen-hof.de\/en\/startseite\/impressum\/","og_locale":"en_US","og_type":"article","og_title":"Impressum - Hotel Ostfriesen-Hof","og_description":"Impressum Hotel Ostfriesenhof GmbH &amp; Co. KGGroninger Str. 10926789 Leer (Ostfriesland) Telefon: +49 491 6091-0Telefax: +49 491 6091-199E-Mail:\u00a0info@ostfriesen-hof.de Vertreten durch:Hotel Ostfriesenhof Beteiligungs-GmbHGesch\u00e4ftsf\u00fchrer: Dr. Wilfried TrumpRegistergericht: Amtsgericht AurichRegisternummer: HRB 110175 Registereintrag:Eingetragen im Handelsregister.Registergericht: Amtsgericht AurichRegisternummer: HRA 110308 Umsatzsteuer-ID:Umsatzsteuer-Identifikationsnummer nach \u00a727a Umsatzsteuergesetz:DE 11 72 64 322 Aufsichtsbeh\u00f6rde:\u00a0Stadt Leer Verantwortlich f\u00fcr den Inhalt\u00a0(gem. \u00a7 55 Abs. 2 RStV):Dr. [&hellip;]","og_url":"https:\/\/ostfriesen-hof.de\/en\/startseite\/impressum\/","og_site_name":"Hotel Ostfriesen-Hof","article_modified_time":"2023-03-24T13:00:19+00:00","twitter_card":"summary_large_image","twitter_misc":{"Est. reading time":"3 minutes"},"schema":{"@context":"https:\/\/schema.org","@graph":[{"@type":"WebPage","@id":"https:\/\/ostfriesen-hof.de\/startseite\/impressum\/","url":"https:\/\/ostfriesen-hof.de\/startseite\/impressum\/","name":"Impressum - Hotel Ostfriesen-Hof","isPartOf":{"@id":"https:\/\/ostfriesen-hof.de\/#website"},"datePublished":"2020-11-23T17:24:38+00:00","dateModified":"2023-03-24T13:00:19+00:00","breadcrumb":{"@id":"https:\/\/ostfriesen-hof.de\/startseite\/impressum\/#breadcrumb"},"inLanguage":"en-US","potentialAction":[{"@type":"ReadAction","target":["https:\/\/ostfriesen-hof.de\/startseite\/impressum\/"]}]},{"@type":"BreadcrumbList","@id":"https:\/\/ostfriesen-hof.de\/startseite\/impressum\/#breadcrumb","itemListElement":[{"@type":"ListItem","position":1,"name":"Startseite","item":"https:\/\/ostfriesen-hof.de\/"},{"@type":"ListItem","position":2,"name":"Startseite","item":"https:\/\/ostfriesen-hof.de\/startseite\/"},{"@type":"ListItem","position":3,"name":"Impressum"}]},{"@type":"WebSite","@id":"https:\/\/ostfriesen-hof.de\/#website","url":"https:\/\/ostfriesen-hof.de\/","name":"Hotel Ostfriesen-Hof","description":"Hotel Ostfriesen-Hof","publisher":{"@id":"https:\/\/ostfriesen-hof.de\/#organization"},"potentialAction":[{"@type":"SearchAction","target":{"@type":"EntryPoint","urlTemplate":"https:\/\/ostfriesen-hof.de\/?s={search_term_string}"},"query-input":{"@type":"PropertyValueSpecification","valueRequired":true,"valueName":"search_term_string"}}],"inLanguage":"en-US"},{"@type":"Organization","@id":"https:\/\/ostfriesen-hof.de\/#organization","name":"Hotel Ostfriesenhof GmbH & Co. KG","url":"https:\/\/ostfriesen-hof.de\/","logo":{"@type":"ImageObject","inLanguage":"en-US","@id":"https:\/\/ostfriesen-hof.de\/#\/schema\/logo\/image\/","url":"https:\/\/ostfriesen-hof.de\/wp-content\/uploads\/2020\/11\/ostfriesen-hof_leer_logo.png","contentUrl":"https:\/\/ostfriesen-hof.de\/wp-content\/uploads\/2020\/11\/ostfriesen-hof_leer_logo.png","width":284,"height":118,"caption":"Hotel Ostfriesenhof GmbH & Co. KG"},"image":{"@id":"https:\/\/ostfriesen-hof.de\/#\/schema\/logo\/image\/"}}]}},"_links":{"self":[{"href":"https:\/\/ostfriesen-hof.de\/en\/wp-json\/wp\/v2\/pages\/477","targetHints":{"allow":["GET"]}}],"collection":[{"href":"https:\/\/ostfriesen-hof.de\/en\/wp-json\/wp\/v2\/pages"}],"about":[{"href":"https:\/\/ostfriesen-hof.de\/en\/wp-json\/wp\/v2\/types\/page"}],"author":[{"embeddable":true,"href":"https:\/\/ostfriesen-hof.de\/en\/wp-json\/wp\/v2\/users\/3"}],"replies":[{"embeddable":true,"href":"https:\/\/ostfriesen-hof.de\/en\/wp-json\/wp\/v2\/comments?post=477"}],"version-history":[{"count":10,"href":"https:\/\/ostfriesen-hof.de\/en\/wp-json\/wp\/v2\/pages\/477\/revisions"}],"predecessor-version":[{"id":1475,"href":"https:\/\/ostfriesen-hof.de\/en\/wp-json\/wp\/v2\/pages\/477\/revisions\/1475"}],"up":[{"embeddable":true,"href":"https:\/\/ostfriesen-hof.de\/en\/wp-json\/wp\/v2\/pages\/66"}],"wp:attachment":[{"href":"https:\/\/ostfriesen-hof.de\/en\/wp-json\/wp\/v2\/media?parent=477"}],"curies":[{"name":"wp","href":"https:\/\/api.w.org\/{rel}","templated":true}]}}